{"id":20,"date":"2018-01-17T12:58:07","date_gmt":"2018-01-17T11:58:07","guid":{"rendered":"http:\/\/sophialoth.de\/?page_id=20"},"modified":"2020-02-16T18:16:03","modified_gmt":"2020-02-16T17:16:03","slug":"impressum","status":"publish","type":"page","link":"https:\/\/sophialoth.de\/en_GB\/impressum\/","title":{"rendered":"Impressum"},"content":{"rendered":"<p><strong>Kontakt:<\/strong><br \/>\nSophia Loth<br \/>\nMalerei<br \/>\nSpinnereistr. 7\/ Briefkasten Halle 18<br \/>\n04179 Leipzig<br \/>\nTelefon: +49\/ 177\/ 9388817<br \/>\nE-Mail: kontakt (AT) sophialoth .de<\/p>\n<p><strong>Angaben gem\u00e4\u00df \u00a7 5 TMG:<\/strong><\/p>\n<p><strong>1. Haftungsbeschr\u00e4nkung<br \/>\n<\/strong><\/p>\n<p>a) Inhalte<\/p>\n<p>Als Diensteanbieter sind wir gem\u00e4\u00df \u00a7 7 Abs.1 TMG f\u00fcr eigene Inhalte auf diesen Seiten nach den allgemeinen Gesetzen verantwortlich. Nach \u00a7\u00a7 8 bis 10 TMG sind wir als Diensteanbieter jedoch nicht verpflichtet, \u00fcbermittelte oder gespeicherte fremde Informationen zu \u00fcberwachen oder nach Umst\u00e4nden zu forschen, die auf eine rechtswidrige T\u00e4tigkeit hinweisen. Die Inhalte unserer Internetseite\u00a0 werden mit gr\u00f6\u00dfter Sorgfalt recherchiert. Dennoch kann der Anbieter keine Haftung f\u00fcr die Richtigkeit, Vollst\u00e4ndigkeit und Aktualit\u00e4t der bereit gestellten Informationen \u00fcbernehmen.<\/p>\n<p>b) Verf\u00fcgbarkeit<\/p>\n<p>Wir werden uns ebenfalls bem\u00fchen, den Dienst m\u00f6glichst unterbrechungsfrei zum Abruf anzubieten. Auch bei aller Sorgfalt k\u00f6nnen aber Ausfallzeiten nicht ausgeschlossen werden.<\/p>\n<p>c) Externe Links<\/p>\n<p>Diese Website enth\u00e4lt Verkn\u00fcpfungen zu Websites Dritter (\"externe Links\"). Diese Websites unterliegen der Haftung der jeweiligen Betreiber. Der Anbieter hat bei der erstmaligen Verkn\u00fcpfung der externen Links die fremden Inhalte daraufhin \u00fcberpr\u00fcft, ob etwaige Rechtsverst\u00f6\u00dfe bestehen. Zu dem Zeitpunkt waren keine Rechtsverst\u00f6\u00dfe ersichtlich. Der Anbieter hat keinerlei Einfluss auf die aktuelle und zuk\u00fcnftige Gestaltung und auf die Inhalte der verkn\u00fcpften Seiten. Das Setzen von externen Links bedeutet nicht, dass sich der Anbieter die hinter dem Verweis oder Link liegenden Inhalte zu Eigen macht. Eine st\u00e4ndige Kontrolle dieser externen Links ist f\u00fcr den Anbieter ohne konkrete Hinweise auf Rechtsverst\u00f6\u00dfe nicht zumutbar. Bei Kenntnis von Rechtsverst\u00f6\u00dfen werden jedoch derartige externe Links unverz\u00fcglich gel\u00f6scht.<\/p>\n<p>d) Kein Vertragsverh\u00e4ltnis<\/p>\n<p>Mit der Nutzung der frei zug\u00e4nglichen und kostenlosen Inhalte kommt keinerlei Vertragsverh\u00e4ltnis zwischen dem Nutzer und dem Anbieter zustande.<br \/>\n<em>Sollten Sie eine Verletzung als gegeben ansehen, bittet der Anbieter um einen Hinweis kollegialiter und von kostenverursachenden Ma\u00dfnahmen abzusehen. <\/em><\/p>\n<p>&nbsp;<\/p>\n<p><strong>2. Urheberrecht<\/strong><\/p>\n<p>Die auf dieser Website ver\u00f6ffentlichten Inhalte und Werke sind urheberrechtlich gesch\u00fctzt. Jede vom deutschen Urheberrecht nicht zugelassene Verwertung bedarf der vorherigen schriftlichen Zustimmung des jeweiligen Autors oder Urhebers. Dies gilt insbesondere f\u00fcr Vervielf\u00e4ltigung, Bearbeitung, \u00dcbersetzung, Einspeicherung, Verarbeitung bzw. Wiedergabe von Inhalten in Datenbanken oder anderen elektronischen Medien und Systemen. Inhalte und Beitr\u00e4ge Dritter sind dabei als solche gekennzeichnet. Die unerlaubte Vervielf\u00e4ltigung oder Weitergabe einzelner Inhalte oder kompletter Seiten ist nicht gestattet und strafbar. Lediglich die Herstellung von Kopien und Downloads f\u00fcr den pers\u00f6nlichen, privaten und nicht kommerziellen Gebrauch ist erlaubt.<\/p>\n<p>Links zu den Websites des Anbieters sind jederzeit willkommen und bed\u00fcrfen keiner Zustimmung durch den Betreiber der Website. Die Darstellung dieser Website in fremden Frames ist nur mit Erlaubnis zul\u00e4ssig ist.<\/p>\n<h6><\/h6>\n<h6><strong>3. Datenschutz<\/strong><\/h6>\n<p>Die Betreiber dieser Seiten nehmen den Schutz Ihrer pers\u00f6nlichen Daten sehr ernst. Wir behandeln Ihrepersonenbezogenen Daten vertraulich und entsprechend der gesetzlichen Datenschutzvorschriften sowie dieser Datenschutzerkl\u00e4rung.<\/p>\n<p>Die Nutzung unserer Webseite ist in der Regel ohne Angabe personenbezogener Daten m\u00f6glich. Soweit auf unseren Seiten personenbezogene Daten (beispielsweise Name, Anschrift oder E-Mail-Adressen) erhoben werden, erfolgt dies, soweit m\u00f6glich, stets auf freiwilliger Basis. Diese Daten werden ohne Ihre ausdr\u00fcckliche Zustimmung nicht an Dritte weitergegeben.<br \/>\nWir weisen darauf hin, dass die Daten\u00fcbertragung im Internet (z.B. bei der Kommunikation per E-Mail) Sicherheitsl\u00fccken aufweisen kann. Ein l\u00fcckenloser Schutz der Daten vor dem Zugriff durch Dritte ist nicht m\u00f6glich.<\/p>\n<h6><\/h6>\n<h6><strong>4. Cookies<br \/>\n<\/strong><\/h6>\n<p>Die Internetseiten verwenden teilweise so genannte Cookies. Cookies richten auf Ihrem Rechner keinen Schaden an und enthalten keine Viren. Cookies dienen dazu, unser Angebot nutzerfreundlicher, effektiver und sicherer zu machen. Cookies sind kleine Textdateien, die auf Ihrem Rechner abgelegt werden und die Ihr Browser speichert.<br \/>\nDie meisten der von uns verwendeten Cookies sind so genannte \u201eSession-Cookies\u201c. Sie werden nach Ende Ihres Besuchs automatisch gel\u00f6scht. Andere Cookies bleiben auf Ihrem Endger\u00e4t gespeichert, bis Sie diese l\u00f6schen. Diese Cookies erm\u00f6glichen es uns, Ihren Browser beim n\u00e4chsten Besuch wiederzuerkennen.<br \/>\nSie k\u00f6nnen Ihren Browser so einstellen, dass Sie \u00fcber das Setzen von Cookies informiert werden und Cookies nur im Einzelfall erlauben, die Annahme von Cookies f\u00fcr bestimmte F\u00e4lle oder generell ausschlie\u00dfen sowie das automatische L\u00f6schen der Cookies beim Schlie\u00dfen des Browser aktivieren. Bei der Deaktivierung von Cookies kann die Funktionalit\u00e4t dieser Website eingeschr\u00e4nkt sein.<\/p>\n<p>&nbsp;<\/p>\n<p><strong>5. Server-Log-Files<\/strong><\/p>\n<p>Der Provider der Seiten erhebt und speichert automatisch Informationen in so genannten Server-Log Files, die Ihr Browser automatisch an uns \u00fcbermittelt. Dies sind:<\/p>\n<p>Browsertyp und Browserversion<\/p>\n<p>verwendetes Betriebssystem<\/p>\n<p>Referrer URL<\/p>\n<p>Hostname des zugreifenden Rechners<\/p>\n<p>Uhrzeit der Serveranfrage<\/p>\n<p>Diese Daten sind nicht bestimmten Personen zuordenbar. Eine Zusammenf\u00fchrung dieser Daten mit anderen Datenquellen wird nicht vorgenommen. Wir behalten uns vor, diese Daten nachtr\u00e4glich zu pr\u00fcfen, wenn uns konkrete Anhaltspunkte f\u00fcr eine rechtswidrige Nutzung bekannt werden.<\/p>\n<p>&nbsp;<\/p>\n<p><strong>6. Kontaktformular<\/strong><\/p>\n<p>Wenn Sie uns per Kontaktformular Anfragen zukommen lassen, werden Ihre Angaben aus dem<br \/>\nAnfrageformular inklusive der von Ihnen dort angegebenen Kontaktdaten zwecks Bearbeitung der Anfrage und f\u00fcr den Fall von Anschlussfragen bei uns gespeichert. Diese Daten geben wir nicht ohne Ihre Einwilligung weiter.<\/p>\n<p>&nbsp;<\/p>\n<p><strong>7. Newsletterdaten<\/strong><\/p>\n<p>Wenn Sie den auf der Webseite angebotenen Newsletter beziehen m\u00f6chten, ben\u00f6tigen wir von Ihnen eine E-Mail-Adresse sowie Informationen, welche uns die \u00dcberpr\u00fcfung gestatten, dass Sie der Inhaber der angegebenen E-Mail-Adresse sind und mit dem Empfang des Newsletters einverstanden sind. Weitere Daten werden nicht erhoben. Diese Daten verwenden wir ausschlie\u00dflich f\u00fcr den Versand der angeforderten Informationen und geben sie nicht an Dritte weiter. Die erteilte Einwilligung zur Speicherung der Daten, der E-Mail-Adresse sowie deren Nutzung zum Versand des Newsletters k\u00f6nnen Sie jederzeit widerrufen, etwa \u00fcber den \"Austragen\"-Link im Newsletter.<\/p>\n<p>&nbsp;<\/p>\n<p><strong>8. Google Analytics<\/strong><\/p>\n<p>Diese Website nutzt Funktionen des Webanalysedienstes Google Analytics. Anbieter ist die Google Inc., 1600 Amphitheatre Parkway Mountain View, CA 94043, USA.<br \/>\nGoogle Analytics verwendet so genannte \"Cookies\". Das sind Textdateien, die auf Ihrem Computer gespeichert werden und die eine Analyse der Benutzung der Website durch Sie erm\u00f6glichen. Die durch den Cookie erzeugten Informationen \u00fcber Ihre Benutzung dieser Website werden in der Regel an einen Server von Google in den USA \u00fcbertragen und dort gespeichert.<\/p>\n<p>Browser Plugin<br \/>\nSie k\u00f6nnen die Speicherung der Cookies durch eine entsprechende Einstellung Ihrer Browser-Softwareverhindern; wir weisen Sie jedoch darauf hin, dass Sie in diesem Fall gegebenenfalls nicht s\u00e4mtliche Funktionen dieser Website vollumf\u00e4nglich werden nutzen k\u00f6nnen. Sie k\u00f6nnen dar\u00fcber hinaus die Erfassung der durch den Cookie erzeugten und auf Ihre Nutzung der Website bezogenen Daten (inkl. Ihrer IP-Adresse) an Google sowie die Verarbeitung dieser Daten durch Google verhindern, indem Sie das unter dem folgenden Link verf\u00fcgbare Browser-Plugin herunterladen und installieren:<br \/>\nhttps:\/\/tools.google.com\/dlpage\/gaoptout?hl=de<\/p>\n<p>Widerspruch gegen Datenerfassung<br \/>\nSie k\u00f6nnen die Erfassung Ihrer Daten durch Google Analytics verhindern, indem Sie auf folgenden Link klicken. Es wird ein Opt-Out-Cookie gesetzt, der die Erfassung Ihrer Daten bei zuk\u00fcnftigen Besuchen dieser Website verhindert: Google Analytics deaktivieren<br \/>\nMehr Informationen zum Umgang mit Nutzerdaten bei Google Analytics finden Sie in der<br \/>\nDatenschutzerkl\u00e4rung von Google: https:\/\/support.google.com\/analytics\/answer\/6004245?hl=de<\/p>\n<p>&nbsp;<\/p>\n<p><strong>9. SSL-Verschl\u00fcsselung<\/strong><\/p>\n<p>Diese Seite nutzt aus Gr\u00fcnden der Sicherheit und zum Schutz der \u00dcbertragung vertraulicher Inhalte, wie zum Beispiel der Anfragen, die Sie an uns als Seitenbetreiber senden, eine SSL-Verschl\u00fcsselung. Eine verschl\u00fcsselte Verbindung erkennen Sie daran, dass die Adresszeile des Browsers von \"http:\/\/\" auf \"https:\/\/\" wechselt und an dem Schloss-Symbol in Ihrer Browserzeile.<br \/>\nWenn die SSL Verschl\u00fcsselung aktiviert ist, k\u00f6nnen die Daten, die Sie an uns \u00fcbermitteln, nicht von Dritten mitgelesen werden.<\/p>\n<p>&nbsp;<\/p>\n<p><strong>10. Widerspruch Werbe-Mails<\/strong><\/p>\n<p>Der Nutzung von im Rahmen der Impressumspflicht ver\u00f6ffentlichten Kontaktdaten zur \u00dcbersendung von nicht ausdr\u00fccklich angeforderter Werbung und Informationsmaterialien wird hiermit widersprochen. Die Betreiber der Seiten behalten sich ausdr\u00fccklich rechtliche Schritte im Falle der unverlangten Zusendung von Werbeinformationen, etwa durch Spam-E-Mails, vor.<\/p>\n<p><strong>Quelle: https:\/\/www.e-recht24.de; <\/strong><strong>http:\/\/www.impressum-recht.de<\/strong><\/p>\n","protected":false},"excerpt":{"rendered":"<p><strong>Kontakt:<\/strong><br \/>\nSophia Loth<br \/>\nMalerei<br \/>\nSpinnereistr. 7\/ Briefkasten Halle 18<br \/>\n04179 Leipzig<br \/>\nTelefon: +49\/ 177\/ 9388817<br \/>\nE-Mail: kontakt (AT) sophialoth .de<\/p>\n<p><strong>Angaben gem\u00e4\u00df \u00a7 5 TMG:<\/strong><\/p>\n<p><strong>1. Haftungsbeschr\u00e4nkung<br \/>\n<\/st...\n<\/p>\n","protected":false},"author":1,"featured_media":0,"parent":0,"menu_order":0,"comment_status":"closed","ping_status":"closed","template":"","meta":[],"_links":{"self":[{"href":"https:\/\/sophialoth.de\/en_GB\/wp-json\/wp\/v2\/pages\/20"}],"collection":[{"href":"https:\/\/sophialoth.de\/en_GB\/wp-json\/wp\/v2\/pages"}],"about":[{"href":"https:\/\/sophialoth.de\/en_GB\/wp-json\/wp\/v2\/types\/page"}],"author":[{"embeddable":true,"href":"https:\/\/sophialoth.de\/en_GB\/wp-json\/wp\/v2\/users\/1"}],"replies":[{"embeddable":true,"href":"https:\/\/sophialoth.de\/en_GB\/wp-json\/wp\/v2\/comments?post=20"}],"version-history":[{"count":12,"href":"https:\/\/sophialoth.de\/en_GB\/wp-json\/wp\/v2\/pages\/20\/revisions"}],"predecessor-version":[{"id":3366,"href":"https:\/\/sophialoth.de\/en_GB\/wp-json\/wp\/v2\/pages\/20\/revisions\/3366"}],"wp:attachment":[{"href":"https:\/\/sophialoth.de\/en_GB\/wp-json\/wp\/v2\/media?parent=20"}],"curies":[{"name":"wp","href":"https:\/\/api.w.org\/{rel}","templated":true}]}}